{"id":242,"date":"2024-02-27T11:54:47","date_gmt":"2024-02-27T10:54:47","guid":{"rendered":"https:\/\/eseal-medical.myskydoowebsite.com\/?page_id=242"},"modified":"2025-06-04T09:44:45","modified_gmt":"2025-06-04T07:44:45","slug":"soins-sur-place","status":"publish","type":"page","link":"https:\/\/eseal-medical.be\/nl-be\/soins-sur-place\/","title":{"rendered":"Zorg ter plaatse"},"content":{"rendered":"<div data-elementor-type=\"wp-page\" data-elementor-id=\"242\" class=\"elementor elementor-242\" data-elementor-post-type=\"page\">\n\t\t\t\t<div class=\"elementor-element elementor-element-6c34657 e-flex e-con-boxed e-con e-parent\" data-id=\"6c34657\" data-element_type=\"container\" data-e-type=\"container\">\n\t\t\t\t\t<div class=\"e-con-inner\">\n\t\t<div class=\"elementor-element elementor-element-03d1259 e-flex e-con-boxed e-con e-child\" data-id=\"03d1259\" data-element_type=\"container\" data-e-type=\"container\">\n\t\t\t\t\t<div class=\"e-con-inner\">\n\t\t<div class=\"elementor-element elementor-element-ddcd8f6 e-flex e-con-boxed elementor-invisible e-con e-child\" data-id=\"ddcd8f6\" data-element_type=\"container\" data-e-type=\"container\" data-settings=\"{&quot;animation&quot;:&quot;fadeInUp&quot;}\">\n\t\t\t\t\t<div class=\"e-con-inner\">\n\t\t\t\t<div class=\"elementor-element elementor-element-ba2244c elementor-widget elementor-widget-heading\" data-id=\"ba2244c\" data-element_type=\"widget\" data-e-type=\"widget\" data-widget_type=\"heading.default\">\n\t\t\t\t<div class=\"elementor-widget-container\">\n\t\t\t\t\t<h2 class=\"elementor-heading-title elementor-size-default\">Kom naar ons medisch centrum<\/h2>\t\t\t\t<\/div>\n\t\t\t\t<\/div>\n\t\t\t\t<div class=\"elementor-element elementor-element-005714c elementor-widget elementor-widget-heading\" data-id=\"005714c\" data-element_type=\"widget\" data-e-type=\"widget\" data-widget_type=\"heading.default\">\n\t\t\t\t<div class=\"elementor-widget-container\">\n\t\t\t\t\t<h2 class=\"elementor-heading-title elementor-size-default\">Zorg ter plaatse<\/h2>\t\t\t\t<\/div>\n\t\t\t\t<\/div>\n\t\t\t\t\t<\/div>\n\t\t\t\t<\/div>\n\t\t\t\t\t<\/div>\n\t\t\t\t<\/div>\n\t\t\t\t\t<\/div>\n\t\t\t\t<\/div>\n\t\t<div class=\"elementor-element elementor-element-fee62dc elementor-hidden-tablet e-flex e-con-boxed e-con e-parent\" data-id=\"fee62dc\" data-element_type=\"container\" data-e-type=\"container\">\n\t\t\t\t\t<div class=\"e-con-inner\">\n\t\t<div class=\"elementor-element elementor-element-e38a229 e-grid e-con-full elementor-invisible e-con e-child\" data-id=\"e38a229\" data-element_type=\"container\" data-e-type=\"container\" data-settings=\"{&quot;animation&quot;:&quot;fadeInLeft&quot;}\">\n\t\t\t\t<div class=\"elementor-element elementor-element-0ba5c5e elementor-position-top elementor-widget elementor-widget-image-box\" data-id=\"0ba5c5e\" data-element_type=\"widget\" data-e-type=\"widget\" data-widget_type=\"image-box.default\">\n\t\t\t\t<div class=\"elementor-widget-container\">\n\t\t\t\t\t<div class=\"elementor-image-box-wrapper\"><figure class=\"elementor-image-box-img\"><img fetchpriority=\"high\" decoding=\"async\" width=\"1316\" height=\"872\" src=\"https:\/\/eseal-medical.be\/wp-content\/uploads\/Untitled-design-56.png\" class=\"elementor-animation-grow attachment-full size-full wp-image-691\" alt=\",\" title=\"\" srcset=\"https:\/\/eseal-medical.be\/wp-content\/uploads\/Untitled-design-56.png 1316w, https:\/\/eseal-medical.be\/wp-content\/uploads\/Untitled-design-56-768x509.png 768w\" sizes=\"(max-width: 1316px) 100vw, 1316px\" \/><\/figure><div class=\"elementor-image-box-content\"><h3 class=\"elementor-image-box-title\">Bloedafname<\/h3><p class=\"elementor-image-box-description\">We nemen bloedmonsters voor verschillende analyses. Elk monster wordt met zorg en precisie genomen om betrouwbare resultaten te garanderen.<\/p><\/div><\/div>\t\t\t\t<\/div>\n\t\t\t\t<\/div>\n\t\t\t\t<div class=\"elementor-element elementor-element-fc22e82 elementor-position-top elementor-widget elementor-widget-image-box\" data-id=\"fc22e82\" data-element_type=\"widget\" data-e-type=\"widget\" data-widget_type=\"image-box.default\">\n\t\t\t\t<div class=\"elementor-widget-container\">\n\t\t\t\t\t<div class=\"elementor-image-box-wrapper\"><figure class=\"elementor-image-box-img\"><img decoding=\"async\" width=\"1316\" height=\"872\" src=\"https:\/\/eseal-medical.be\/wp-content\/uploads\/Untitled-design-57.png\" class=\"elementor-animation-grow attachment-1536x1536 size-1536x1536 wp-image-695\" alt=\",\" title=\"\" srcset=\"https:\/\/eseal-medical.be\/wp-content\/uploads\/Untitled-design-57.png 1316w, https:\/\/eseal-medical.be\/wp-content\/uploads\/Untitled-design-57-768x509.png 768w\" sizes=\"(max-width: 1316px) 100vw, 1316px\" \/><\/figure><div class=\"elementor-image-box-content\"><h3 class=\"elementor-image-box-title\">IM\/SC\/ID injectie<\/h3><p class=\"elementor-image-box-description\">We dienen intramusculaire, subcutane en intradermale injecties toe voor verschillende behandelingen en vaccins, waarbij we maximaal comfort garanderen.<\/p><\/div><\/div>\t\t\t\t<\/div>\n\t\t\t\t<\/div>\n\t\t\t\t<div class=\"elementor-element elementor-element-fe25a25 elementor-position-top elementor-widget elementor-widget-image-box\" data-id=\"fe25a25\" data-element_type=\"widget\" data-e-type=\"widget\" data-widget_type=\"image-box.default\">\n\t\t\t\t<div class=\"elementor-widget-container\">\n\t\t\t\t\t<div class=\"elementor-image-box-wrapper\"><figure class=\"elementor-image-box-img\"><img decoding=\"async\" width=\"1316\" height=\"872\" src=\"https:\/\/eseal-medical.be\/wp-content\/uploads\/Untitled-design-58.png\" class=\"elementor-animation-grow attachment-full size-full wp-image-711\" alt=\",\" title=\"\" srcset=\"https:\/\/eseal-medical.be\/wp-content\/uploads\/Untitled-design-58.png 1316w, https:\/\/eseal-medical.be\/wp-content\/uploads\/Untitled-design-58-768x509.png 768w\" sizes=\"(max-width: 1316px) 100vw, 1316px\" \/><\/figure><div class=\"elementor-image-box-content\"><h3 class=\"elementor-image-box-title\">Wondverzorging<\/h3><p class=\"elementor-image-box-description\">Onze gepersonaliseerde wondverzorging bevordert een snelle genezing en vermindert de kans op infectie.<\/p><\/div><\/div>\t\t\t\t<\/div>\n\t\t\t\t<\/div>\n\t\t\t\t<\/div>\n\t\t\t\t\t<\/div>\n\t\t\t\t<\/div>\n\t\t<div class=\"elementor-element elementor-element-391b8a9 elementor-hidden-tablet e-flex e-con-boxed e-con e-parent\" data-id=\"391b8a9\" data-element_type=\"container\" data-e-type=\"container\">\n\t\t\t\t\t<div class=\"e-con-inner\">\n\t\t<div class=\"elementor-element elementor-element-ef823ca e-grid e-con-full elementor-invisible e-con e-child\" data-id=\"ef823ca\" data-element_type=\"container\" data-e-type=\"container\" data-settings=\"{&quot;animation&quot;:&quot;fadeInLeft&quot;}\">\n\t\t\t\t<div class=\"elementor-element elementor-element-6fd192f elementor-position-top elementor-widget elementor-widget-image-box\" data-id=\"6fd192f\" data-element_type=\"widget\" data-e-type=\"widget\" data-widget_type=\"image-box.default\">\n\t\t\t\t<div class=\"elementor-widget-container\">\n\t\t\t\t\t<div class=\"elementor-image-box-wrapper\"><figure class=\"elementor-image-box-img\"><img loading=\"lazy\" decoding=\"async\" width=\"1316\" height=\"872\" src=\"https:\/\/eseal-medical.be\/wp-content\/uploads\/Untitled-design-59.png\" class=\"elementor-animation-grow attachment-full size-full wp-image-713\" alt=\",\" title=\"\" srcset=\"https:\/\/eseal-medical.be\/wp-content\/uploads\/Untitled-design-59.png 1316w, https:\/\/eseal-medical.be\/wp-content\/uploads\/Untitled-design-59-768x509.png 768w\" sizes=\"(max-width: 1316px) 100vw, 1316px\" \/><\/figure><div class=\"elementor-image-box-content\"><h3 class=\"elementor-image-box-title\">Verwijderen van nietjes of hechtingen<\/h3><p class=\"elementor-image-box-description\">Wij bieden een veilige, pijnloze verwijdering van nietjes of hechtingen na de operatie.<\/p><\/div><\/div>\t\t\t\t<\/div>\n\t\t\t\t<\/div>\n\t\t\t\t<\/div>\n\t\t\t\t\t<\/div>\n\t\t\t\t<\/div>\n\t\t<div class=\"elementor-element elementor-element-b615f95 elementor-hidden-desktop elementor-hidden-mobile e-flex e-con-boxed e-con e-parent\" data-id=\"b615f95\" data-element_type=\"container\" data-e-type=\"container\">\n\t\t\t\t\t<div class=\"e-con-inner\">\n\t\t<div class=\"elementor-element elementor-element-cce41e8 e-grid e-con-full elementor-invisible e-con e-child\" data-id=\"cce41e8\" data-element_type=\"container\" data-e-type=\"container\" data-settings=\"{&quot;animation&quot;:&quot;fadeInLeft&quot;}\">\n\t\t\t\t<div class=\"elementor-element elementor-element-44b8887 elementor-position-top elementor-widget elementor-widget-image-box\" data-id=\"44b8887\" data-element_type=\"widget\" data-e-type=\"widget\" data-widget_type=\"image-box.default\">\n\t\t\t\t<div class=\"elementor-widget-container\">\n\t\t\t\t\t<div class=\"elementor-image-box-wrapper\"><figure class=\"elementor-image-box-img\"><img loading=\"lazy\" decoding=\"async\" width=\"1316\" height=\"872\" src=\"https:\/\/eseal-medical.be\/wp-content\/uploads\/Screenshot-2022-08-22-at-00.01.20.png\" class=\"elementor-animation-grow attachment-full size-full wp-image-681\" alt=\",\" title=\"\" srcset=\"https:\/\/eseal-medical.be\/wp-content\/uploads\/Screenshot-2022-08-22-at-00.01.20.png 1316w, https:\/\/eseal-medical.be\/wp-content\/uploads\/Screenshot-2022-08-22-at-00.01.20-768x509.png 768w\" sizes=\"(max-width: 1316px) 100vw, 1316px\" \/><\/figure><div class=\"elementor-image-box-content\"><h3 class=\"elementor-image-box-title\">PCR en antigene test<\/h3><p class=\"elementor-image-box-description\">Onze PCR- en antigeentests, uitgevoerd door professionals, garanderen snelle en nauwkeurige resultaten en bieden een effectieve service voor het opsporen van COVID-19.<\/p><\/div><\/div>\t\t\t\t<\/div>\n\t\t\t\t<\/div>\n\t\t\t\t<div class=\"elementor-element elementor-element-f1f72af elementor-position-top elementor-widget elementor-widget-image-box\" data-id=\"f1f72af\" data-element_type=\"widget\" data-e-type=\"widget\" data-widget_type=\"image-box.default\">\n\t\t\t\t<div class=\"elementor-widget-container\">\n\t\t\t\t\t<div class=\"elementor-image-box-wrapper\"><figure class=\"elementor-image-box-img\"><img fetchpriority=\"high\" decoding=\"async\" width=\"1316\" height=\"872\" src=\"https:\/\/eseal-medical.be\/wp-content\/uploads\/Untitled-design-56.png\" class=\"elementor-animation-grow attachment-full size-full wp-image-691\" alt=\",\" title=\"\" srcset=\"https:\/\/eseal-medical.be\/wp-content\/uploads\/Untitled-design-56.png 1316w, https:\/\/eseal-medical.be\/wp-content\/uploads\/Untitled-design-56-768x509.png 768w\" sizes=\"(max-width: 1316px) 100vw, 1316px\" \/><\/figure><div class=\"elementor-image-box-content\"><h3 class=\"elementor-image-box-title\">Bloedafname<\/h3><p class=\"elementor-image-box-description\">We nemen bloedmonsters voor verschillende analyses. Elk monster wordt met zorg en precisie genomen om betrouwbare resultaten te garanderen.<\/p><\/div><\/div>\t\t\t\t<\/div>\n\t\t\t\t<\/div>\n\t\t\t\t<div class=\"elementor-element elementor-element-f156728 elementor-position-top elementor-widget elementor-widget-image-box\" data-id=\"f156728\" data-element_type=\"widget\" data-e-type=\"widget\" data-widget_type=\"image-box.default\">\n\t\t\t\t<div class=\"elementor-widget-container\">\n\t\t\t\t\t<div class=\"elementor-image-box-wrapper\"><figure class=\"elementor-image-box-img\"><img decoding=\"async\" width=\"1316\" height=\"872\" src=\"https:\/\/eseal-medical.be\/wp-content\/uploads\/Untitled-design-57.png\" class=\"elementor-animation-grow attachment-1536x1536 size-1536x1536 wp-image-695\" alt=\",\" title=\"\" srcset=\"https:\/\/eseal-medical.be\/wp-content\/uploads\/Untitled-design-57.png 1316w, https:\/\/eseal-medical.be\/wp-content\/uploads\/Untitled-design-57-768x509.png 768w\" sizes=\"(max-width: 1316px) 100vw, 1316px\" \/><\/figure><div class=\"elementor-image-box-content\"><h3 class=\"elementor-image-box-title\">IM\/SC\/ID injectie<\/h3><p class=\"elementor-image-box-description\">We dienen intramusculaire, subcutane en intradermale injecties toe voor verschillende behandelingen en vaccins, waarbij we maximaal comfort garanderen.<\/p><\/div><\/div>\t\t\t\t<\/div>\n\t\t\t\t<\/div>\n\t\t\t\t<div class=\"elementor-element elementor-element-f278206 elementor-position-top elementor-widget elementor-widget-image-box\" data-id=\"f278206\" data-element_type=\"widget\" data-e-type=\"widget\" data-widget_type=\"image-box.default\">\n\t\t\t\t<div class=\"elementor-widget-container\">\n\t\t\t\t\t<div class=\"elementor-image-box-wrapper\"><figure class=\"elementor-image-box-img\"><img decoding=\"async\" width=\"1316\" height=\"872\" src=\"https:\/\/eseal-medical.be\/wp-content\/uploads\/Untitled-design-58.png\" class=\"elementor-animation-grow attachment-full size-full wp-image-711\" alt=\",\" title=\"\" srcset=\"https:\/\/eseal-medical.be\/wp-content\/uploads\/Untitled-design-58.png 1316w, https:\/\/eseal-medical.be\/wp-content\/uploads\/Untitled-design-58-768x509.png 768w\" sizes=\"(max-width: 1316px) 100vw, 1316px\" \/><\/figure><div class=\"elementor-image-box-content\"><h3 class=\"elementor-image-box-title\">Wondverzorging<\/h3><p class=\"elementor-image-box-description\">Onze gepersonaliseerde wondverzorging bevordert een snelle genezing en vermindert de kans op infectie.<\/p><\/div><\/div>\t\t\t\t<\/div>\n\t\t\t\t<\/div>\n\t\t\t\t<div class=\"elementor-element elementor-element-e923a8c elementor-position-top elementor-widget elementor-widget-image-box\" data-id=\"e923a8c\" data-element_type=\"widget\" data-e-type=\"widget\" data-widget_type=\"image-box.default\">\n\t\t\t\t<div class=\"elementor-widget-container\">\n\t\t\t\t\t<div class=\"elementor-image-box-wrapper\"><figure class=\"elementor-image-box-img\"><img loading=\"lazy\" decoding=\"async\" width=\"1316\" height=\"872\" src=\"https:\/\/eseal-medical.be\/wp-content\/uploads\/Untitled-design-59.png\" class=\"elementor-animation-grow attachment-full size-full wp-image-713\" alt=\",\" title=\"\" srcset=\"https:\/\/eseal-medical.be\/wp-content\/uploads\/Untitled-design-59.png 1316w, https:\/\/eseal-medical.be\/wp-content\/uploads\/Untitled-design-59-768x509.png 768w\" sizes=\"(max-width: 1316px) 100vw, 1316px\" \/><\/figure><div class=\"elementor-image-box-content\"><h3 class=\"elementor-image-box-title\">Verwijderen van nietjes of hechtingen<\/h3><p class=\"elementor-image-box-description\">Wij bieden een veilige, pijnloze verwijdering van nietjes of hechtingen na de operatie.<\/p><\/div><\/div>\t\t\t\t<\/div>\n\t\t\t\t<\/div>\n\t\t\t\t<\/div>\n\t\t\t\t\t<\/div>\n\t\t\t\t<\/div>\n\t\t<div class=\"elementor-element elementor-element-bcf89b1 e-flex e-con-boxed e-con e-parent\" data-id=\"bcf89b1\" data-element_type=\"container\" data-e-type=\"container\" data-settings=\"{&quot;background_background&quot;:&quot;classic&quot;}\">\n\t\t\t\t\t<div class=\"e-con-inner\">\n\t\t\t\t<div class=\"elementor-element elementor-element-72317aa elementor-widget elementor-widget-heading\" data-id=\"72317aa\" data-element_type=\"widget\" data-e-type=\"widget\" data-widget_type=\"heading.default\">\n\t\t\t\t<div class=\"elementor-widget-container\">\n\t\t\t\t\t<h4 class=\"elementor-heading-title elementor-size-default\">U kunt bij ons terecht voor analyses van maandag tot en met vrijdag van 7.00 tot 12.00 uur. We voeren bloed-, urine- en ontlastingstesten uit, evenals neus- en keelswabs.<\/h4>\t\t\t\t<\/div>\n\t\t\t\t<\/div>\n\t\t\t\t\t<\/div>\n\t\t\t\t<\/div>\n\t\t<div class=\"elementor-element elementor-element-bec0368 e-flex e-con-boxed e-con e-parent\" data-id=\"bec0368\" data-element_type=\"container\" data-e-type=\"container\" data-settings=\"{&quot;background_background&quot;:&quot;classic&quot;}\">\n\t\t\t\t\t<div class=\"e-con-inner\">\n\t\t\t\t<div class=\"elementor-element elementor-element-ecd5330 elementor-headline--style-highlight elementor-widget elementor-widget-animated-headline\" data-id=\"ecd5330\" data-element_type=\"widget\" data-e-type=\"widget\" data-settings=\"{&quot;marker&quot;:&quot;underline&quot;,&quot;highlighted_text&quot;:&quot;Important &quot;,&quot;headline_style&quot;:&quot;highlight&quot;,&quot;loop&quot;:&quot;yes&quot;,&quot;highlight_animation_duration&quot;:1200,&quot;highlight_iteration_delay&quot;:8000}\" data-widget_type=\"animated-headline.default\">\n\t\t\t\t<div class=\"elementor-widget-container\">\n\t\t\t\t\t\t\t<h3 class=\"elementor-headline\">\n\t\t\t\t<span class=\"elementor-headline-dynamic-wrapper elementor-headline-text-wrapper\">\n\t\t\t\t\t<span class=\"elementor-headline-dynamic-text elementor-headline-text-active\">Belangrijke info! <\/span>\n\t\t\t\t<\/span>\n\t\t\t\t\t<span class=\"elementor-headline-plain-text elementor-headline-text-wrapper\">Om een analyse uit te voeren in ons centrum dient u het volgende in acht te nemen:<\/span>\n\t\t\t\t\t<\/h3>\n\t\t\t\t\t\t<\/div>\n\t\t\t\t<\/div>\n\t\t<div class=\"elementor-element elementor-element-f929c26 e-flex e-con-boxed e-con e-child\" data-id=\"f929c26\" data-element_type=\"container\" data-e-type=\"container\">\n\t\t\t\t\t<div class=\"e-con-inner\">\n\t\t\t\t<div class=\"elementor-element elementor-element-29675e3 elementor-position-top elementor-widget elementor-widget-image-box\" data-id=\"29675e3\" data-element_type=\"widget\" data-e-type=\"widget\" data-widget_type=\"image-box.default\">\n\t\t\t\t<div class=\"elementor-widget-container\">\n\t\t\t\t\t<div class=\"elementor-image-box-wrapper\"><figure class=\"elementor-image-box-img\"><img loading=\"lazy\" decoding=\"async\" width=\"640\" height=\"640\" src=\"https:\/\/eseal-medical.be\/wp-content\/uploads\/identifiant.gif\" class=\"attachment-full size-full wp-image-738\" alt=\",\" title=\"\"><\/figure><div class=\"elementor-image-box-content\"><h3 class=\"elementor-image-box-title\">Schriftelijk verzoek van uw arts meenemen<\/h3><\/div><\/div>\t\t\t\t<\/div>\n\t\t\t\t<\/div>\n\t\t\t\t<div class=\"elementor-element elementor-element-9cc4407 elementor-position-top elementor-widget elementor-widget-image-box\" data-id=\"9cc4407\" data-element_type=\"widget\" data-e-type=\"widget\" data-widget_type=\"image-box.default\">\n\t\t\t\t<div class=\"elementor-widget-container\">\n\t\t\t\t\t<div class=\"elementor-image-box-wrapper\"><figure class=\"elementor-image-box-img\"><img loading=\"lazy\" decoding=\"async\" width=\"640\" height=\"640\" src=\"https:\/\/eseal-medical.be\/wp-content\/uploads\/carnet.gif\" class=\"attachment-full size-full wp-image-741\" alt=\",\" title=\"\"><\/figure><div class=\"elementor-image-box-content\"><h3 class=\"elementor-image-box-title\"> 2 klevers van de mutualiteit meenemen<\/h3><\/div><\/div>\t\t\t\t<\/div>\n\t\t\t\t<\/div>\n\t\t\t\t<div class=\"elementor-element elementor-element-dd7a958 elementor-position-top elementor-widget elementor-widget-image-box\" data-id=\"dd7a958\" data-element_type=\"widget\" data-e-type=\"widget\" data-widget_type=\"image-box.default\">\n\t\t\t\t<div class=\"elementor-widget-container\">\n\t\t\t\t\t<div class=\"elementor-image-box-wrapper\"><figure class=\"elementor-image-box-img\"><img loading=\"lazy\" decoding=\"async\" width=\"640\" height=\"640\" src=\"https:\/\/eseal-medical.be\/wp-content\/uploads\/verifie.gif\" class=\"attachment-full size-full wp-image-742\" alt=\",\" title=\"\"><\/figure><div class=\"elementor-image-box-content\"><h3 class=\"elementor-image-box-title\">Nuchter zijn<\/h3><\/div><\/div>\t\t\t\t<\/div>\n\t\t\t\t<\/div>\n\t\t\t\t\t<\/div>\n\t\t\t\t<\/div>\n\t\t\t\t\t<\/div>\n\t\t\t\t<\/div>\n\t\t<div class=\"elementor-element elementor-element-e120e8e elementor-hidden-desktop elementor-hidden-tablet elementor-hidden-mobile e-flex e-con-boxed e-con e-parent\" data-id=\"e120e8e\" data-element_type=\"container\" data-e-type=\"container\" data-settings=\"{&quot;background_background&quot;:&quot;classic&quot;}\">\n\t\t\t\t\t<div class=\"e-con-inner\">\n\t\t\t\t<div class=\"elementor-element elementor-element-f5a83f9 elementor-widget elementor-widget-heading\" data-id=\"f5a83f9\" data-element_type=\"widget\" data-e-type=\"widget\" data-widget_type=\"heading.default\">\n\t\t\t\t<div class=\"elementor-widget-container\">\n\t\t\t\t\t<h2 class=\"elementor-heading-title elementor-size-default\">Maak nu een afspraak voor uw tests of behandelingen<\/h2>\t\t\t\t<\/div>\n\t\t\t\t<\/div>\n\t\t\t\t<div class=\"elementor-element elementor-element-4bbe757 elementor-widget elementor-widget-button\" data-id=\"4bbe757\" data-element_type=\"widget\" data-e-type=\"widget\" data-widget_type=\"button.default\">\n\t\t\t\t<div class=\"elementor-widget-container\">\n\t\t\t\t\t\t\t\t\t<div class=\"elementor-button-wrapper\">\n\t\t\t\t\t<a class=\"elementor-button elementor-button-link elementor-size-sm\" href=\"https:\/\/eseal-medical.be\/nl-be\/contact\/\">\n\t\t\t\t\t\t<span class=\"elementor-button-content-wrapper\">\n\t\t\t\t\t\t\t\t\t<span class=\"elementor-button-text\">Maak een afspraak<\/span>\n\t\t\t\t\t<\/span>\n\t\t\t\t\t<\/a>\n\t\t\t\t<\/div>\n\t\t\t\t\t\t\t\t<\/div>\n\t\t\t\t<\/div>\n\t\t\t\t\t<\/div>\n\t\t\t\t<\/div>\n\t\t<div class=\"elementor-element elementor-element-708d4b2 e-flex e-con-boxed e-con e-parent\" data-id=\"708d4b2\" data-element_type=\"container\" data-e-type=\"container\">\n\t\t\t\t\t<div class=\"e-con-inner\">\n\t\t<div class=\"elementor-element elementor-element-78091c0 e-con-full e-flex e-con e-child\" data-id=\"78091c0\" data-element_type=\"container\" data-e-type=\"container\">\n\t\t\t\t<div class=\"elementor-element elementor-element-2d67590 elementor-widget elementor-widget-image\" data-id=\"2d67590\" data-element_type=\"widget\" data-e-type=\"widget\" data-widget_type=\"image.default\">\n\t\t\t\t<div class=\"elementor-widget-container\">\n\t\t\t\t\t\t\t\t\t\t\t\t\t\t\t<img loading=\"lazy\" decoding=\"async\" width=\"1430\" height=\"952\" src=\"https:\/\/eseal-medical.be\/wp-content\/uploads\/Parking.png\" class=\"attachment-large size-large wp-image-811\" alt=\",\" srcset=\"https:\/\/eseal-medical.be\/wp-content\/uploads\/Parking.png 1430w, https:\/\/eseal-medical.be\/wp-content\/uploads\/Parking-768x511.png 768w\" sizes=\"(max-width: 1430px) 100vw, 1430px\" title=\"\">\t\t\t\t\t\t\t\t\t\t\t\t\t\t\t<\/div>\n\t\t\t\t<\/div>\n\t\t\t\t<\/div>\n\t\t<div class=\"elementor-element elementor-element-5ba20ca e-con-full e-flex e-con e-child\" data-id=\"5ba20ca\" data-element_type=\"container\" data-e-type=\"container\">\n\t\t\t\t<div class=\"elementor-element elementor-element-c9c1d58 elementor-widget elementor-widget-heading\" data-id=\"c9c1d58\" data-element_type=\"widget\" data-e-type=\"widget\" data-widget_type=\"heading.default\">\n\t\t\t\t<div class=\"elementor-widget-container\">\n\t\t\t\t\t<h2 class=\"elementor-heading-title elementor-size-default\">Gemakkelijke toegang<\/h2>\t\t\t\t<\/div>\n\t\t\t\t<\/div>\n\t\t\t\t<div class=\"elementor-element elementor-element-13caab2 elementor-widget elementor-widget-text-editor\" data-id=\"13caab2\" data-element_type=\"widget\" data-e-type=\"widget\" data-widget_type=\"text-editor.default\">\n\t\t\t\t<div class=\"elementor-widget-container\">\n\t\t\t\t\t\t\t\t\t<p>We maken het iedereen gemakkelijk om naar ons centrum te komen, ook mensen met beperkte mobiliteit. We bieden ruime parkeergelegenheid en ons team staat klaar om je bij aankomst te helpen. Er zijn liften beschikbaar om je door het centrum te verplaatsen. De ontvangst en het comfort van onze pati\u00ebnten zijn onze prioriteiten.<\/p>\t\t\t\t\t\t\t\t<\/div>\n\t\t\t\t<\/div>\n\t\t\t\t<\/div>\n\t\t\t\t\t<\/div>\n\t\t\t\t<\/div>\n\t\t\t\t<\/div>","protected":false},"excerpt":{"rendered":"<p>Venez dans notre centre m\u00e9dical Soins sur place Prise de sang Nous effectuons des prises de sang pour diverses analyses. Chaque pr\u00e9l\u00e8vement est r\u00e9alis\u00e9 avec soin et pr\u00e9cision pour des r\u00e9sultats fiables. Injection IM\/SC\/ID Nous administrons des injections intramusculaires, sous-cutan\u00e9es et intradermiques pour divers traitements et vaccins, assurant un maximum de confort. Soins de plaies [&hellip;]<\/p>\n","protected":false},"author":1,"featured_media":0,"parent":0,"menu_order":0,"comment_status":"closed","ping_status":"closed","template":"","meta":{"footnotes":""},"class_list":["post-242","page","type-page","status-publish","hentry"],"_links":{"self":[{"href":"https:\/\/eseal-medical.be\/nl-be\/wp-json\/wp\/v2\/pages\/242","targetHints":{"allow":["GET"]}}],"collection":[{"href":"https:\/\/eseal-medical.be\/nl-be\/wp-json\/wp\/v2\/pages"}],"about":[{"href":"https:\/\/eseal-medical.be\/nl-be\/wp-json\/wp\/v2\/types\/page"}],"author":[{"embeddable":true,"href":"https:\/\/eseal-medical.be\/nl-be\/wp-json\/wp\/v2\/users\/1"}],"replies":[{"embeddable":true,"href":"https:\/\/eseal-medical.be\/nl-be\/wp-json\/wp\/v2\/comments?post=242"}],"version-history":[{"count":295,"href":"https:\/\/eseal-medical.be\/nl-be\/wp-json\/wp\/v2\/pages\/242\/revisions"}],"predecessor-version":[{"id":3924,"href":"https:\/\/eseal-medical.be\/nl-be\/wp-json\/wp\/v2\/pages\/242\/revisions\/3924"}],"wp:attachment":[{"href":"https:\/\/eseal-medical.be\/nl-be\/wp-json\/wp\/v2\/media?parent=242"}],"curies":[{"name":"wp","href":"https:\/\/api.w.org\/{rel}","templated":true}]}}