{"id":263,"date":"2024-02-27T11:58:22","date_gmt":"2024-02-27T10:58:22","guid":{"rendered":"https:\/\/eseal-medical.myskydoowebsite.com\/?page_id=263"},"modified":"2025-09-15T11:30:50","modified_gmt":"2025-09-15T09:30:50","slug":"osteopathe","status":"publish","type":"page","link":"https:\/\/eseal-medical.be\/nl-be\/osteopathe\/","title":{"rendered":"Osteopaat"},"content":{"rendered":"<div data-elementor-type=\"wp-page\" data-elementor-id=\"263\" class=\"elementor elementor-263\" data-elementor-post-type=\"page\">\n\t\t\t\t<div class=\"elementor-element elementor-element-0f21dda e-flex e-con-boxed e-con e-parent\" data-id=\"0f21dda\" data-element_type=\"container\" data-e-type=\"container\" data-settings=\"{&quot;background_background&quot;:&quot;video&quot;,&quot;background_video_link&quot;:&quot;https:\\\/\\\/eseal-medical.be\\\/wp-content\\\/uploads\\\/3-Ostheo-Eseal-Medical-Wellness-1.mp4&quot;,&quot;background_play_on_mobile&quot;:&quot;yes&quot;}\">\n\t\t\t\t\t<div class=\"e-con-inner\">\n\t\t<div class=\"elementor-background-video-container\">\n\t\t\t\t\t\t\t<video class=\"elementor-background-video-hosted\" role=\"presentation\" autoplay muted playsinline loop><\/video>\n\t\t\t\t\t<\/div><div class=\"elementor-element elementor-element-aea9df4 e-con-full e-flex e-con e-child\" data-id=\"aea9df4\" data-element_type=\"container\" data-e-type=\"container\">\n\t\t\t\t<div class=\"elementor-element elementor-element-2263230 elementor-widget elementor-widget-text-editor\" data-id=\"2263230\" data-element_type=\"widget\" data-e-type=\"widget\" data-widget_type=\"text-editor.default\">\n\t\t\t\t<div class=\"elementor-widget-container\">\n\t\t\t\t\t\t\t\t\t<p>Osteopathie<\/p>\t\t\t\t\t\t\t\t<\/div>\n\t\t\t\t<\/div>\n\t\t\t\t<div class=\"elementor-element elementor-element-f43ce8f elementor-widget elementor-widget-text-editor\" data-id=\"f43ce8f\" data-element_type=\"widget\" data-e-type=\"widget\" data-widget_type=\"text-editor.default\">\n\t\t\t\t<div class=\"elementor-widget-container\">\n\t\t\t\t\t\t\t\t\t<p>Onze osteopaten in Waver gebruiken zachte manipulatietechnieken om pijn te behandelen, uw mobiliteit te verbeteren en uw algemeen welzijn te bevorderen.<\/p>\t\t\t\t\t\t\t\t<\/div>\n\t\t\t\t<\/div>\n\t\t\t\t<\/div>\n\t\t<div class=\"elementor-element elementor-element-5fe6271 e-con-full e-flex e-con e-child\" data-id=\"5fe6271\" data-element_type=\"container\" data-e-type=\"container\">\n\t\t\t\t<div class=\"elementor-element elementor-element-113fb01 elementor-widget elementor-widget-button\" data-id=\"113fb01\" data-element_type=\"widget\" data-e-type=\"widget\" data-widget_type=\"button.default\">\n\t\t\t\t<div class=\"elementor-widget-container\">\n\t\t\t\t\t\t\t\t\t<div class=\"elementor-button-wrapper\">\n\t\t\t\t\t<a class=\"elementor-button elementor-button-link elementor-size-sm\" href=\"https:\/\/eseal-medical.be\/nl-be\/notre-equipe\/\">\n\t\t\t\t\t\t<span class=\"elementor-button-content-wrapper\">\n\t\t\t\t\t\t\t\t\t<span class=\"elementor-button-text\">Ontdek ons team<\/span>\n\t\t\t\t\t<\/span>\n\t\t\t\t\t<\/a>\n\t\t\t\t<\/div>\n\t\t\t\t\t\t\t\t<\/div>\n\t\t\t\t<\/div>\n\t\t\t\t<\/div>\n\t\t\t\t\t<\/div>\n\t\t\t\t<\/div>\n\t\t<div class=\"elementor-element elementor-element-0eea990 elementor-hidden-desktop elementor-hidden-mobile e-flex e-con-boxed e-con e-parent\" data-id=\"0eea990\" data-element_type=\"container\" data-e-type=\"container\">\n\t\t\t\t\t<div class=\"e-con-inner\">\n\t\t\t\t<div class=\"elementor-element elementor-element-5bb8c2d elementor-widget elementor-widget-heading\" data-id=\"5bb8c2d\" data-element_type=\"widget\" data-e-type=\"widget\" data-widget_type=\"heading.default\">\n\t\t\t\t<div class=\"elementor-widget-container\">\n\t\t\t\t\t<h2 class=\"elementor-heading-title elementor-size-default\">Osteopaat in Waver<\/h2>\t\t\t\t<\/div>\n\t\t\t\t<\/div>\n\t\t\t\t<div class=\"elementor-element elementor-element-d2e9630 elementor-widget elementor-widget-text-editor\" data-id=\"d2e9630\" data-element_type=\"widget\" data-e-type=\"widget\" data-widget_type=\"text-editor.default\">\n\t\t\t\t<div class=\"elementor-widget-container\">\n\t\t\t\t\t\t\t\t\t<p>Het Eseal-Medical centrum in Waver heeft een aantal gezondheidsprofessionals tot uw beschikking, waaronder verpleegkundigen, psychologen, psychotherapeuten, pedicures, hypnotherapeuten, massagetherapeuten en osteopaten. Ons centrum is uitgerust met hoogwaardige apparatuur en een opgeleid, professioneel team. Het kan al uw verzoeken voor osteopathische behandelingen inwilligen om pijn te verlichten en uw spierweefsels weer in beweging en vitaal te krijgen. Maak een afspraak met onze artsen van maandag tot vrijdag van 7.00 tot 17.00 uur en zaterdag van 8.00 tot 12.00 uur.<\/p>\t\t\t\t\t\t\t\t<\/div>\n\t\t\t\t<\/div>\n\t\t\t\t<div class=\"elementor-element elementor-element-974a383 elementor-widget elementor-widget-image\" data-id=\"974a383\" data-element_type=\"widget\" data-e-type=\"widget\" data-widget_type=\"image.default\">\n\t\t\t\t<div class=\"elementor-widget-container\">\n\t\t\t\t\t\t\t\t\t\t\t\t\t\t\t<img fetchpriority=\"high\" decoding=\"async\" width=\"1920\" height=\"1080\" src=\"https:\/\/eseal-medical.be\/wp-content\/uploads\/Untitled-design-2024-05-15T163033.019.png\" class=\"attachment-large size-large wp-image-1376\" alt=\",\" srcset=\"https:\/\/eseal-medical.be\/wp-content\/uploads\/Untitled-design-2024-05-15T163033.019.png 1920w, https:\/\/eseal-medical.be\/wp-content\/uploads\/Untitled-design-2024-05-15T163033.019-768x432.png 768w, https:\/\/eseal-medical.be\/wp-content\/uploads\/Untitled-design-2024-05-15T163033.019-1536x864.png 1536w\" sizes=\"(max-width: 1920px) 100vw, 1920px\" title=\"\">\t\t\t\t\t\t\t\t\t\t\t\t\t\t\t<\/div>\n\t\t\t\t<\/div>\n\t\t\t\t\t<\/div>\n\t\t\t\t<\/div>\n\t\t<div class=\"elementor-element elementor-element-bf695cb elementor-hidden-tablet e-flex e-con-boxed elementor-invisible e-con e-parent\" data-id=\"bf695cb\" data-element_type=\"container\" data-e-type=\"container\" data-settings=\"{&quot;animation&quot;:&quot;fadeInRight&quot;}\">\n\t\t\t\t\t<div class=\"e-con-inner\">\n\t\t<div class=\"elementor-element elementor-element-fa0f9e9 e-con-full e-flex e-con e-child\" data-id=\"fa0f9e9\" data-element_type=\"container\" data-e-type=\"container\" data-settings=\"{&quot;animation&quot;:&quot;none&quot;}\">\n\t\t\t\t<div class=\"elementor-element elementor-element-aebc7dd elementor-widget elementor-widget-image\" data-id=\"aebc7dd\" data-element_type=\"widget\" data-e-type=\"widget\" data-widget_type=\"image.default\">\n\t\t\t\t<div class=\"elementor-widget-container\">\n\t\t\t\t\t\t\t\t\t\t\t\t\t\t\t<img fetchpriority=\"high\" decoding=\"async\" width=\"1920\" height=\"1080\" src=\"https:\/\/eseal-medical.be\/wp-content\/uploads\/Untitled-design-2024-05-15T163033.019.png\" class=\"attachment-large size-large wp-image-1376\" alt=\",\" srcset=\"https:\/\/eseal-medical.be\/wp-content\/uploads\/Untitled-design-2024-05-15T163033.019.png 1920w, https:\/\/eseal-medical.be\/wp-content\/uploads\/Untitled-design-2024-05-15T163033.019-768x432.png 768w, https:\/\/eseal-medical.be\/wp-content\/uploads\/Untitled-design-2024-05-15T163033.019-1536x864.png 1536w\" sizes=\"(max-width: 1920px) 100vw, 1920px\" title=\"\">\t\t\t\t\t\t\t\t\t\t\t\t\t\t\t<\/div>\n\t\t\t\t<\/div>\n\t\t\t\t<\/div>\n\t\t<div class=\"elementor-element elementor-element-7cbe925 e-con-full e-flex e-con e-child\" data-id=\"7cbe925\" data-element_type=\"container\" data-e-type=\"container\">\n\t\t\t\t<div class=\"elementor-element elementor-element-8c46f4b elementor-widget elementor-widget-heading\" data-id=\"8c46f4b\" data-element_type=\"widget\" data-e-type=\"widget\" data-widget_type=\"heading.default\">\n\t\t\t\t<div class=\"elementor-widget-container\">\n\t\t\t\t\t<h2 class=\"elementor-heading-title elementor-size-default\">Osteopaat in Waver<\/h2>\t\t\t\t<\/div>\n\t\t\t\t<\/div>\n\t\t\t\t<div class=\"elementor-element elementor-element-34e3458 elementor-widget elementor-widget-text-editor\" data-id=\"34e3458\" data-element_type=\"widget\" data-e-type=\"widget\" data-widget_type=\"text-editor.default\">\n\t\t\t\t<div class=\"elementor-widget-container\">\n\t\t\t\t\t\t\t\t\t<p>Het Eseal-Medical centrum in Waver heeft een aantal gezondheidsprofessionals tot uw beschikking, waaronder verpleegkundigen, psychologen, psychotherapeuten, pedicures, hypnotherapeuten, massagetherapeuten en osteopaten. Ons centrum is uitgerust met hoogwaardige apparatuur en een opgeleid, professioneel team. Het kan al uw verzoeken voor osteopathische behandelingen inwilligen om pijn te verlichten en uw spierweefsels weer in beweging en vitaal te krijgen. Maak een afspraak met onze artsen van maandag tot vrijdag van 7.00 tot 17.00 uur en zaterdag van 8.00 tot 12.00 uur.<\/p>\t\t\t\t\t\t\t\t<\/div>\n\t\t\t\t<\/div>\n\t\t\t\t<\/div>\n\t\t\t\t\t<\/div>\n\t\t\t\t<\/div>\n\t\t<div class=\"elementor-element elementor-element-39aafa8 e-flex e-con-boxed elementor-invisible e-con e-parent\" data-id=\"39aafa8\" data-element_type=\"container\" data-e-type=\"container\" data-settings=\"{&quot;animation&quot;:&quot;fadeInRight&quot;}\">\n\t\t\t\t\t<div class=\"e-con-inner\">\n\t\t<div class=\"elementor-element elementor-element-93802d9 e-con-full e-flex e-con e-child\" data-id=\"93802d9\" data-element_type=\"container\" data-e-type=\"container\" data-settings=\"{&quot;background_background&quot;:&quot;classic&quot;,&quot;animation&quot;:&quot;none&quot;}\">\n\t\t\t\t<\/div>\n\t\t<div class=\"elementor-element elementor-element-20dc569 e-con-full e-flex e-con e-child\" data-id=\"20dc569\" data-element_type=\"container\" data-e-type=\"container\">\n\t\t\t\t<div class=\"elementor-element elementor-element-7010b0e elementor-widget elementor-widget-heading\" data-id=\"7010b0e\" data-element_type=\"widget\" data-e-type=\"widget\" data-widget_type=\"heading.default\">\n\t\t\t\t<div class=\"elementor-widget-container\">\n\t\t\t\t\t<h2 class=\"elementor-heading-title elementor-size-default\">Voor wie is osteopathie?<\/h2>\t\t\t\t<\/div>\n\t\t\t\t<\/div>\n\t\t\t\t<div class=\"elementor-element elementor-element-f4d44b4 elementor-widget elementor-widget-text-editor\" data-id=\"f4d44b4\" data-element_type=\"widget\" data-e-type=\"widget\" data-widget_type=\"text-editor.default\">\n\t\t\t\t<div class=\"elementor-widget-container\">\n\t\t\t\t\t\t\t\t\t<p>Osteopathie is een manuele therapie die zich richt op het bewegingsapparaat. We gebruiken verschillende technieken om lichamelijke pijnen en verrekkingen te diagnosticeren en te behandelen, waaronder zachte stretching en manipulatie van gewrichten, spieren en bindweefsel.<\/p><p>Deze therapie kan helpen bij de behandeling van een aantal aandoeningen, zoals :<\/p>\t\t\t\t\t\t\t\t<\/div>\n\t\t\t\t<\/div>\n\t\t\t\t<div class=\"elementor-element elementor-element-2c18b2d elementor-icon-list--layout-traditional elementor-list-item-link-full_width elementor-widget elementor-widget-icon-list\" data-id=\"2c18b2d\" data-element_type=\"widget\" data-e-type=\"widget\" data-widget_type=\"icon-list.default\">\n\t\t\t\t<div class=\"elementor-widget-container\">\n\t\t\t\t\t\t\t<ul class=\"elementor-icon-list-items\">\n\t\t\t\t\t\t\t<li class=\"elementor-icon-list-item\">\n\t\t\t\t\t\t\t\t\t\t\t<span class=\"elementor-icon-list-icon\">\n\t\t\t\t\t\t\t<i aria-hidden=\"true\" class=\"fas fa-check\"><\/i>\t\t\t\t\t\t<\/span>\n\t\t\t\t\t\t\t\t\t\t<span class=\"elementor-icon-list-text\">Cardiovasculaire aandoeningen<\/span>\n\t\t\t\t\t\t\t\t\t<\/li>\n\t\t\t\t\t\t\t\t<li class=\"elementor-icon-list-item\">\n\t\t\t\t\t\t\t\t\t\t\t<span class=\"elementor-icon-list-icon\">\n\t\t\t\t\t\t\t<i aria-hidden=\"true\" class=\"fas fa-check\"><\/i>\t\t\t\t\t\t<\/span>\n\t\t\t\t\t\t\t\t\t\t<span class=\"elementor-icon-list-text\">Spijsverteringsstoornissen<\/span>\n\t\t\t\t\t\t\t\t\t<\/li>\n\t\t\t\t\t\t\t\t<li class=\"elementor-icon-list-item\">\n\t\t\t\t\t\t\t\t\t\t\t<span class=\"elementor-icon-list-icon\">\n\t\t\t\t\t\t\t<i aria-hidden=\"true\" class=\"fas fa-check\"><\/i>\t\t\t\t\t\t<\/span>\n\t\t\t\t\t\t\t\t\t\t<span class=\"elementor-icon-list-text\">Genitale aandoeningen<\/span>\n\t\t\t\t\t\t\t\t\t<\/li>\n\t\t\t\t\t\t\t\t<li class=\"elementor-icon-list-item\">\n\t\t\t\t\t\t\t\t\t\t\t<span class=\"elementor-icon-list-icon\">\n\t\t\t\t\t\t\t<i aria-hidden=\"true\" class=\"fas fa-check\"><\/i>\t\t\t\t\t\t<\/span>\n\t\t\t\t\t\t\t\t\t\t<span class=\"elementor-icon-list-text\">Neurologische aandoeningen<\/span>\n\t\t\t\t\t\t\t\t\t<\/li>\n\t\t\t\t\t\t\t\t<li class=\"elementor-icon-list-item\">\n\t\t\t\t\t\t\t\t\t\t\t<span class=\"elementor-icon-list-icon\">\n\t\t\t\t\t\t\t<i aria-hidden=\"true\" class=\"fas fa-check\"><\/i>\t\t\t\t\t\t<\/span>\n\t\t\t\t\t\t\t\t\t\t<span class=\"elementor-icon-list-text\">Oor-, neus- en keelaandoeningen<\/span>\n\t\t\t\t\t\t\t\t\t<\/li>\n\t\t\t\t\t\t\t\t<li class=\"elementor-icon-list-item\">\n\t\t\t\t\t\t\t\t\t\t\t<span class=\"elementor-icon-list-icon\">\n\t\t\t\t\t\t\t<i aria-hidden=\"true\" class=\"fas fa-check\"><\/i>\t\t\t\t\t\t<\/span>\n\t\t\t\t\t\t\t\t\t\t<span class=\"elementor-icon-list-text\">Nawerkingen van trauma<\/span>\n\t\t\t\t\t\t\t\t\t<\/li>\n\t\t\t\t\t\t\t\t<li class=\"elementor-icon-list-item\">\n\t\t\t\t\t\t\t\t\t\t\t<span class=\"elementor-icon-list-icon\">\n\t\t\t\t\t\t\t<i aria-hidden=\"true\" class=\"fas fa-check\"><\/i>\t\t\t\t\t\t<\/span>\n\t\t\t\t\t\t\t\t\t\t<span class=\"elementor-icon-list-text\">Longaandoeningen<\/span>\n\t\t\t\t\t\t\t\t\t<\/li>\n\t\t\t\t\t\t<\/ul>\n\t\t\t\t\t\t<\/div>\n\t\t\t\t<\/div>\n\t\t\t\t<div class=\"elementor-element elementor-element-44aff0d elementor-widget elementor-widget-text-editor\" data-id=\"44aff0d\" data-element_type=\"widget\" data-e-type=\"widget\" data-widget_type=\"text-editor.default\">\n\t\t\t\t<div class=\"elementor-widget-container\">\n\t\t\t\t\t\t\t\t\t<p>Maak een afspraak met onze osteopaat voor een persoonlijke en effectieve aanpak van uw gezondheidsproblemen.<\/p>\t\t\t\t\t\t\t\t<\/div>\n\t\t\t\t<\/div>\n\t\t\t\t<\/div>\n\t\t\t\t\t<\/div>\n\t\t\t\t<\/div>\n\t\t<div class=\"elementor-element elementor-element-72b03c0 elementor-hidden-desktop elementor-hidden-mobile e-flex e-con-boxed e-con e-parent\" data-id=\"72b03c0\" data-element_type=\"container\" data-e-type=\"container\">\n\t\t\t\t\t<div class=\"e-con-inner\">\n\t\t\t\t<div class=\"elementor-element elementor-element-5bcba70 elementor-widget elementor-widget-heading\" data-id=\"5bcba70\" data-element_type=\"widget\" data-e-type=\"widget\" data-widget_type=\"heading.default\">\n\t\t\t\t<div class=\"elementor-widget-container\">\n\t\t\t\t\t<h2 class=\"elementor-heading-title elementor-size-default\">Preventieve osteopathie<\/h2>\t\t\t\t<\/div>\n\t\t\t\t<\/div>\n\t\t\t\t<div class=\"elementor-element elementor-element-85e3bd5 elementor-widget elementor-widget-text-editor\" data-id=\"85e3bd5\" data-element_type=\"widget\" data-e-type=\"widget\" data-widget_type=\"text-editor.default\">\n\t\t\t\t<div class=\"elementor-widget-container\">\n\t\t\t\t\t\t\t\t\t<p>We raadplegen vaak een osteopaat als de pijn ondraaglijk wordt of als we geblokkeerd zijn. Osteopathie is echter niet alleen een curatieve therapie. Het kan ook helpen om onze osteopaten in Waver preventief te raadplegen om blessures en blokkades op te sporen en te behandelen voordat ze zich opstapelen. Een preventieve aanpak houdt het lichaam gezond en voorkomt toekomstige pijn.<\/p>\t\t\t\t\t\t\t\t<\/div>\n\t\t\t\t<\/div>\n\t\t\t\t<div class=\"elementor-element elementor-element-81177ab elementor-widget elementor-widget-image\" data-id=\"81177ab\" data-element_type=\"widget\" data-e-type=\"widget\" data-widget_type=\"image.default\">\n\t\t\t\t<div class=\"elementor-widget-container\">\n\t\t\t\t\t\t\t\t\t\t\t\t\t\t\t<img decoding=\"async\" width=\"1920\" height=\"1080\" src=\"https:\/\/eseal-medical.be\/wp-content\/uploads\/Untitled-design-2024-05-15T162416.647.png\" class=\"attachment-large size-large wp-image-1364\" alt=\",\" srcset=\"https:\/\/eseal-medical.be\/wp-content\/uploads\/Untitled-design-2024-05-15T162416.647.png 1920w, https:\/\/eseal-medical.be\/wp-content\/uploads\/Untitled-design-2024-05-15T162416.647-768x432.png 768w, https:\/\/eseal-medical.be\/wp-content\/uploads\/Untitled-design-2024-05-15T162416.647-1536x864.png 1536w\" sizes=\"(max-width: 1920px) 100vw, 1920px\" title=\"\">\t\t\t\t\t\t\t\t\t\t\t\t\t\t\t<\/div>\n\t\t\t\t<\/div>\n\t\t\t\t\t<\/div>\n\t\t\t\t<\/div>\n\t\t<div class=\"elementor-element elementor-element-544f9b5 elementor-hidden-tablet e-flex e-con-boxed elementor-invisible e-con e-parent\" data-id=\"544f9b5\" data-element_type=\"container\" data-e-type=\"container\" data-settings=\"{&quot;animation&quot;:&quot;fadeInRight&quot;}\">\n\t\t\t\t\t<div class=\"e-con-inner\">\n\t\t<div class=\"elementor-element elementor-element-50ce869 e-con-full e-flex e-con e-child\" data-id=\"50ce869\" data-element_type=\"container\" data-e-type=\"container\" data-settings=\"{&quot;animation&quot;:&quot;none&quot;}\">\n\t\t\t\t<div class=\"elementor-element elementor-element-722576e elementor-widget elementor-widget-image\" data-id=\"722576e\" data-element_type=\"widget\" data-e-type=\"widget\" data-widget_type=\"image.default\">\n\t\t\t\t<div class=\"elementor-widget-container\">\n\t\t\t\t\t\t\t\t\t\t\t\t\t\t\t<img decoding=\"async\" width=\"1920\" height=\"1080\" src=\"https:\/\/eseal-medical.be\/wp-content\/uploads\/Untitled-design-2024-05-15T162416.647.png\" class=\"attachment-large size-large wp-image-1364\" alt=\",\" srcset=\"https:\/\/eseal-medical.be\/wp-content\/uploads\/Untitled-design-2024-05-15T162416.647.png 1920w, https:\/\/eseal-medical.be\/wp-content\/uploads\/Untitled-design-2024-05-15T162416.647-768x432.png 768w, https:\/\/eseal-medical.be\/wp-content\/uploads\/Untitled-design-2024-05-15T162416.647-1536x864.png 1536w\" sizes=\"(max-width: 1920px) 100vw, 1920px\" title=\"\">\t\t\t\t\t\t\t\t\t\t\t\t\t\t\t<\/div>\n\t\t\t\t<\/div>\n\t\t\t\t<\/div>\n\t\t<div class=\"elementor-element elementor-element-668523b e-con-full e-flex e-con e-child\" data-id=\"668523b\" data-element_type=\"container\" data-e-type=\"container\">\n\t\t\t\t<div class=\"elementor-element elementor-element-1a01da1 elementor-widget elementor-widget-heading\" data-id=\"1a01da1\" data-element_type=\"widget\" data-e-type=\"widget\" data-widget_type=\"heading.default\">\n\t\t\t\t<div class=\"elementor-widget-container\">\n\t\t\t\t\t<h2 class=\"elementor-heading-title elementor-size-default\">Preventieve osteopathie<\/h2>\t\t\t\t<\/div>\n\t\t\t\t<\/div>\n\t\t\t\t<div class=\"elementor-element elementor-element-d0dc055 elementor-widget elementor-widget-text-editor\" data-id=\"d0dc055\" data-element_type=\"widget\" data-e-type=\"widget\" data-widget_type=\"text-editor.default\">\n\t\t\t\t<div class=\"elementor-widget-container\">\n\t\t\t\t\t\t\t\t\t<p>We raadplegen vaak een osteopaat als de pijn ondraaglijk wordt of als we geblokkeerd zijn. Osteopathie is echter niet alleen een curatieve therapie. Het kan ook helpen om onze osteopaten in Waver preventief te raadplegen om blessures en blokkades op te sporen en te behandelen voordat ze zich opstapelen. Een preventieve aanpak houdt het lichaam gezond en voorkomt toekomstige pijn.<\/p>\t\t\t\t\t\t\t\t<\/div>\n\t\t\t\t<\/div>\n\t\t\t\t<\/div>\n\t\t\t\t\t<\/div>\n\t\t\t\t<\/div>\n\t\t<div class=\"elementor-element elementor-element-3584653 e-con-full e-flex elementor-invisible e-con e-parent\" data-id=\"3584653\" data-element_type=\"container\" data-e-type=\"container\" data-settings=\"{&quot;animation&quot;:&quot;fadeInRight&quot;}\">\n\t\t<div class=\"elementor-element elementor-element-1d6cf8b e-con-full e-flex e-con e-child\" data-id=\"1d6cf8b\" data-element_type=\"container\" data-e-type=\"container\" data-settings=\"{&quot;background_background&quot;:&quot;classic&quot;,&quot;animation&quot;:&quot;none&quot;}\">\n\t\t\t\t<div class=\"elementor-element elementor-element-9fed36f elementor-widget elementor-widget-image\" data-id=\"9fed36f\" data-element_type=\"widget\" data-e-type=\"widget\" data-widget_type=\"image.default\">\n\t\t\t\t<div class=\"elementor-widget-container\">\n\t\t\t\t\t\t\t\t\t\t\t\t\t\t\t<img decoding=\"async\" width=\"1920\" height=\"1080\" src=\"https:\/\/eseal-medical.be\/wp-content\/uploads\/Untitled-design-2024-05-15T170318.160.png\" class=\"attachment-large size-large wp-image-1425\" alt=\",\" srcset=\"https:\/\/eseal-medical.be\/wp-content\/uploads\/Untitled-design-2024-05-15T170318.160.png 1920w, https:\/\/eseal-medical.be\/wp-content\/uploads\/Untitled-design-2024-05-15T170318.160-768x432.png 768w, https:\/\/eseal-medical.be\/wp-content\/uploads\/Untitled-design-2024-05-15T170318.160-1536x864.png 1536w\" sizes=\"(max-width: 1920px) 100vw, 1920px\" title=\"\">\t\t\t\t\t\t\t\t\t\t\t\t\t\t\t<\/div>\n\t\t\t\t<\/div>\n\t\t\t\t<\/div>\n\t\t<div class=\"elementor-element elementor-element-8ce0774 e-con-full e-flex e-con e-child\" data-id=\"8ce0774\" data-element_type=\"container\" data-e-type=\"container\">\n\t\t\t\t<div class=\"elementor-element elementor-element-ef3140f elementor-widget elementor-widget-heading\" data-id=\"ef3140f\" data-element_type=\"widget\" data-e-type=\"widget\" data-widget_type=\"heading.default\">\n\t\t\t\t<div class=\"elementor-widget-container\">\n\t\t\t\t\t<h2 class=\"elementor-heading-title elementor-size-default\">\nOnze sterke punten<\/h2>\t\t\t\t<\/div>\n\t\t\t\t<\/div>\n\t\t\t\t<div class=\"elementor-element elementor-element-30d60ea elementor-widget elementor-widget-text-editor\" data-id=\"30d60ea\" data-element_type=\"widget\" data-e-type=\"widget\" data-widget_type=\"text-editor.default\">\n\t\t\t\t<div class=\"elementor-widget-container\">\n\t\t\t\t\t\t\t\t\t<p>Om volledige tevredenheid te garanderen, bieden we de volgende diensten aan:<\/p>\t\t\t\t\t\t\t\t<\/div>\n\t\t\t\t<\/div>\n\t\t\t\t<div class=\"elementor-element elementor-element-62c5421 elementor-icon-list--layout-traditional elementor-list-item-link-full_width elementor-widget elementor-widget-icon-list\" data-id=\"62c5421\" data-element_type=\"widget\" data-e-type=\"widget\" data-widget_type=\"icon-list.default\">\n\t\t\t\t<div class=\"elementor-widget-container\">\n\t\t\t\t\t\t\t<ul class=\"elementor-icon-list-items\">\n\t\t\t\t\t\t\t<li class=\"elementor-icon-list-item\">\n\t\t\t\t\t\t\t\t\t\t\t<span class=\"elementor-icon-list-icon\">\n\t\t\t\t\t\t\t<i aria-hidden=\"true\" class=\"fas fa-check\"><\/i>\t\t\t\t\t\t<\/span>\n\t\t\t\t\t\t\t\t\t\t<span class=\"elementor-icon-list-text\">Een getrainde en ervaren osteopaat<\/span>\n\t\t\t\t\t\t\t\t\t<\/li>\n\t\t\t\t\t\t\t\t<li class=\"elementor-icon-list-item\">\n\t\t\t\t\t\t\t\t\t\t\t<span class=\"elementor-icon-list-icon\">\n\t\t\t\t\t\t\t<i aria-hidden=\"true\" class=\"fas fa-check\"><\/i>\t\t\t\t\t\t<\/span>\n\t\t\t\t\t\t\t\t\t\t<span class=\"elementor-icon-list-text\">Een prettige zorgomgeving<\/span>\n\t\t\t\t\t\t\t\t\t<\/li>\n\t\t\t\t\t\t\t\t<li class=\"elementor-icon-list-item\">\n\t\t\t\t\t\t\t\t\t\t\t<span class=\"elementor-icon-list-icon\">\n\t\t\t\t\t\t\t<i aria-hidden=\"true\" class=\"fas fa-check\"><\/i>\t\t\t\t\t\t<\/span>\n\t\t\t\t\t\t\t\t\t\t<span class=\"elementor-icon-list-text\">Krachtige apparatuur<\/span>\n\t\t\t\t\t\t\t\t\t<\/li>\n\t\t\t\t\t\t\t\t<li class=\"elementor-icon-list-item\">\n\t\t\t\t\t\t\t\t\t\t\t<span class=\"elementor-icon-list-icon\">\n\t\t\t\t\t\t\t<i aria-hidden=\"true\" class=\"fas fa-check\"><\/i>\t\t\t\t\t\t<\/span>\n\t\t\t\t\t\t\t\t\t\t<span class=\"elementor-icon-list-text\">Vriendelijk personeel<\/span>\n\t\t\t\t\t\t\t\t\t<\/li>\n\t\t\t\t\t\t\t\t<li class=\"elementor-icon-list-item\">\n\t\t\t\t\t\t\t\t\t\t\t<span class=\"elementor-icon-list-icon\">\n\t\t\t\t\t\t\t<i aria-hidden=\"true\" class=\"fas fa-check\"><\/i>\t\t\t\t\t\t<\/span>\n\t\t\t\t\t\t\t\t\t\t<span class=\"elementor-icon-list-text\">Een flexibel afsprakenschema<\/span>\n\t\t\t\t\t\t\t\t\t<\/li>\n\t\t\t\t\t\t<\/ul>\n\t\t\t\t\t\t<\/div>\n\t\t\t\t<\/div>\n\t\t\t\t<div class=\"elementor-element elementor-element-4277d1f elementor-widget elementor-widget-text-editor\" data-id=\"4277d1f\" data-element_type=\"widget\" data-e-type=\"widget\" data-widget_type=\"text-editor.default\">\n\t\t\t\t<div class=\"elementor-widget-container\">\n\t\t\t\t\t\t\t\t\t<p>Ons centrum in Waver wil de allerbeste zorg bieden in een comfortabele en professionele omgeving. Maak een afspraak en profiteer van onze expertise voor uw welzijn.<\/p>\t\t\t\t\t\t\t\t<\/div>\n\t\t\t\t<\/div>\n\t\t\t\t<\/div>\n\t\t\t\t<\/div>\n\t\t<div class=\"elementor-element elementor-element-80b2883 elementor-hidden-desktop elementor-hidden-tablet elementor-hidden-mobile e-flex e-con-boxed e-con e-parent\" data-id=\"80b2883\" data-element_type=\"container\" data-e-type=\"container\" data-settings=\"{&quot;background_background&quot;:&quot;classic&quot;}\">\n\t\t\t\t\t<div class=\"e-con-inner\">\n\t\t\t\t<div class=\"elementor-element elementor-element-bb50e83 elementor-widget elementor-widget-text-editor\" data-id=\"bb50e83\" data-element_type=\"widget\" data-e-type=\"widget\" data-widget_type=\"text-editor.default\">\n\t\t\t\t<div class=\"elementor-widget-container\">\n\t\t\t\t\t\t\t\t\t<p>U kunt een afspraak maken met uw thuisverpleegkundige in Waver in het Eseal-Medisch centrum van maandag tot vrijdag van 7u tot 17u en op zaterdag van 8u tot 12u door ons te bellen op <strong>0471 66 09 45<\/strong> of door het contactformulier in te vullen.<\/p>\t\t\t\t\t\t\t\t<\/div>\n\t\t\t\t<\/div>\n\t\t\t\t\t<\/div>\n\t\t\t\t<\/div>\n\t\t\t\t<\/div>","protected":false},"excerpt":{"rendered":"<p>Osth\u00e9opathe Notre ost\u00e9opathe \u00e0 Wavre utilise des techniques de manipulation douce pour traiter les douleurs musculo-squelettiques, am\u00e9liorer votre mobilit\u00e9 et favoriser votre bien-\u00eatre g\u00e9n\u00e9ral. D\u00e9couvrez notre \u00e9quipe Ost\u00e9opathe \u00e0 Wavre Le centre Eseal-Medical \u00e0 Wavre met \u00e0 votre disposition plusieurs professionnels de sant\u00e9, notamment des infirmiers, psychologues, psychoth\u00e9rapeutes, podologues, hypnoth\u00e9rapeutes, massoth\u00e9rapeutes et ost\u00e9opathes. Dot\u00e9 de [&hellip;]<\/p>\n","protected":false},"author":1,"featured_media":0,"parent":0,"menu_order":0,"comment_status":"closed","ping_status":"closed","template":"","meta":{"footnotes":""},"class_list":["post-263","page","type-page","status-publish","hentry"],"_links":{"self":[{"href":"https:\/\/eseal-medical.be\/nl-be\/wp-json\/wp\/v2\/pages\/263","targetHints":{"allow":["GET"]}}],"collection":[{"href":"https:\/\/eseal-medical.be\/nl-be\/wp-json\/wp\/v2\/pages"}],"about":[{"href":"https:\/\/eseal-medical.be\/nl-be\/wp-json\/wp\/v2\/types\/page"}],"author":[{"embeddable":true,"href":"https:\/\/eseal-medical.be\/nl-be\/wp-json\/wp\/v2\/users\/1"}],"replies":[{"embeddable":true,"href":"https:\/\/eseal-medical.be\/nl-be\/wp-json\/wp\/v2\/comments?post=263"}],"version-history":[{"count":178,"href":"https:\/\/eseal-medical.be\/nl-be\/wp-json\/wp\/v2\/pages\/263\/revisions"}],"predecessor-version":[{"id":4014,"href":"https:\/\/eseal-medical.be\/nl-be\/wp-json\/wp\/v2\/pages\/263\/revisions\/4014"}],"wp:attachment":[{"href":"https:\/\/eseal-medical.be\/nl-be\/wp-json\/wp\/v2\/media?parent=263"}],"curies":[{"name":"wp","href":"https:\/\/api.w.org\/{rel}","templated":true}]}}