{"id":4146,"date":"2025-10-13T14:48:06","date_gmt":"2025-10-13T12:48:06","guid":{"rendered":"https:\/\/eseal-medical.be\/?page_id=4146"},"modified":"2026-04-14T17:02:37","modified_gmt":"2026-04-14T15:02:37","slug":"soins-durgence-de-proximite","status":"publish","type":"page","link":"https:\/\/eseal-medical.be\/nl-be\/soins-durgence-de-proximite\/","title":{"rendered":"Plaatselijke spoedeisende hulp"},"content":{"rendered":"<div data-elementor-type=\"wp-page\" data-elementor-id=\"4146\" class=\"elementor elementor-4146\" data-elementor-post-type=\"page\">\n\t\t\t\t<div class=\"elementor-element elementor-element-3d7f049 e-flex e-con-boxed e-con e-parent\" data-id=\"3d7f049\" data-element_type=\"container\" data-e-type=\"container\" data-settings=\"{&quot;background_background&quot;:&quot;video&quot;,&quot;background_video_link&quot;:&quot;https:\\\/\\\/eseal-medical.be\\\/wp-content\\\/uploads\\\/Medecine-Aigue-Peyrard-Eseal-Medical.mp4&quot;,&quot;background_play_on_mobile&quot;:&quot;yes&quot;}\">\n\t\t\t\t\t<div class=\"e-con-inner\">\n\t\t<div class=\"elementor-background-video-container\">\n\t\t\t\t\t\t\t<video class=\"elementor-background-video-hosted\" role=\"presentation\" autoplay muted playsinline loop><\/video>\n\t\t\t\t\t<\/div><div class=\"elementor-element elementor-element-6e38b89 e-con-full e-flex e-con e-child\" data-id=\"6e38b89\" data-element_type=\"container\" data-e-type=\"container\">\n\t\t\t\t<div class=\"elementor-element elementor-element-2c35955 elementor-widget elementor-widget-heading\" data-id=\"2c35955\" data-element_type=\"widget\" data-e-type=\"widget\" data-widget_type=\"heading.default\">\n\t\t\t\t<div class=\"elementor-widget-container\">\n\t\t\t\t\t<h1 class=\"elementor-heading-title elementor-size-default\">Plaatselijke spoedeisende hulp in Waver<\/h1>\t\t\t\t<\/div>\n\t\t\t\t<\/div>\n\t\t\t\t<\/div>\n\t\t\t\t\t<\/div>\n\t\t\t\t<\/div>\n\t\t<div class=\"elementor-element elementor-element-69c07bb elementor-hidden-tablet elementor-hidden-mobile e-flex e-con-boxed elementor-invisible e-con e-parent\" data-id=\"69c07bb\" data-element_type=\"container\" data-e-type=\"container\" data-settings=\"{&quot;animation&quot;:&quot;fadeInRight&quot;}\">\n\t\t\t\t\t<div class=\"e-con-inner\">\n\t\t<div class=\"elementor-element elementor-element-3cebaba e-con-full e-flex e-con e-child\" data-id=\"3cebaba\" data-element_type=\"container\" data-e-type=\"container\" data-settings=\"{&quot;background_background&quot;:&quot;classic&quot;,&quot;animation&quot;:&quot;none&quot;}\">\n\t\t\t\t<div class=\"elementor-element elementor-element-cad824b elementor-widget elementor-widget-gallery\" data-id=\"cad824b\" data-element_type=\"widget\" data-e-type=\"widget\" data-settings=\"{&quot;columns&quot;:2,&quot;lazyload&quot;:&quot;yes&quot;,&quot;gallery_layout&quot;:&quot;grid&quot;,&quot;columns_tablet&quot;:2,&quot;columns_mobile&quot;:1,&quot;gap&quot;:{&quot;unit&quot;:&quot;px&quot;,&quot;size&quot;:10,&quot;sizes&quot;:[]},&quot;gap_tablet&quot;:{&quot;unit&quot;:&quot;px&quot;,&quot;size&quot;:10,&quot;sizes&quot;:[]},&quot;gap_mobile&quot;:{&quot;unit&quot;:&quot;px&quot;,&quot;size&quot;:10,&quot;sizes&quot;:[]},&quot;link_to&quot;:&quot;file&quot;,&quot;aspect_ratio&quot;:&quot;3:2&quot;,&quot;overlay_background&quot;:&quot;yes&quot;,&quot;content_hover_animation&quot;:&quot;fade-in&quot;}\" data-widget_type=\"gallery.default\">\n\t\t\t\t<div class=\"elementor-widget-container\">\n\t\t\t\t\t\t\t<div class=\"elementor-gallery__container\">\n\t\t\t\t\t\t\t<a class=\"e-gallery-item elementor-gallery-item elementor-animated-content\" href=\"https:\/\/eseal-medical.be\/wp-content\/uploads\/3ggg-scaled.jpg\" data-elementor-open-lightbox=\"yes\" data-elementor-lightbox-slideshow=\"cad824b\" data-e-action-hash=\"#elementor-action%3Aaction%3Dlightbox%26settings%3DeyJpZCI6NDE2MywidXJsIjoiaHR0cHM6XC9cL2VzZWFsLW1lZGljYWwuYmVcL3dwLWNvbnRlbnRcL3VwbG9hZHNcLzNnZ2ctc2NhbGVkLmpwZyIsInNsaWRlc2hvdyI6ImNhZDgyNGIifQ%3D%3D\">\n\t\t\t\t\t<div class=\"e-gallery-image elementor-gallery-item__image\" data-thumbnail=\"https:\/\/eseal-medical.be\/wp-content\/uploads\/3ggg-scaled.jpg\" data-width=\"2560\" data-height=\"1708\" aria-label=\"\" role=\"img\" ><\/div>\n\t\t\t\t\t\t\t\t\t\t\t<div class=\"elementor-gallery-item__overlay\"><\/div>\n\t\t\t\t\t\t\t\t\t\t\t\t\t\t<\/a>\n\t\t\t\t\t\t\t<a class=\"e-gallery-item elementor-gallery-item elementor-animated-content\" href=\"https:\/\/eseal-medical.be\/wp-content\/uploads\/1ze-scaled.jpg\" data-elementor-open-lightbox=\"yes\" data-elementor-lightbox-slideshow=\"cad824b\" data-e-action-hash=\"#elementor-action%3Aaction%3Dlightbox%26settings%3DeyJpZCI6NDEzMiwidXJsIjoiaHR0cHM6XC9cL2VzZWFsLW1lZGljYWwuYmVcL3dwLWNvbnRlbnRcL3VwbG9hZHNcLzF6ZS1zY2FsZWQuanBnIiwic2xpZGVzaG93IjoiY2FkODI0YiJ9\">\n\t\t\t\t\t<div class=\"e-gallery-image elementor-gallery-item__image\" data-thumbnail=\"https:\/\/eseal-medical.be\/wp-content\/uploads\/1ze-scaled.jpg\" data-width=\"2560\" data-height=\"1708\" aria-label=\"\" role=\"img\" ><\/div>\n\t\t\t\t\t\t\t\t\t\t\t<div class=\"elementor-gallery-item__overlay\"><\/div>\n\t\t\t\t\t\t\t\t\t\t\t\t\t\t<\/a>\n\t\t\t\t\t\t\t<a class=\"e-gallery-item elementor-gallery-item elementor-animated-content\" href=\"https:\/\/eseal-medical.be\/wp-content\/uploads\/2ggg-scaled.jpg\" data-elementor-open-lightbox=\"yes\" data-elementor-lightbox-slideshow=\"cad824b\" data-e-action-hash=\"#elementor-action%3Aaction%3Dlightbox%26settings%3DeyJpZCI6NDE2NCwidXJsIjoiaHR0cHM6XC9cL2VzZWFsLW1lZGljYWwuYmVcL3dwLWNvbnRlbnRcL3VwbG9hZHNcLzJnZ2ctc2NhbGVkLmpwZyIsInNsaWRlc2hvdyI6ImNhZDgyNGIifQ%3D%3D\">\n\t\t\t\t\t<div class=\"e-gallery-image elementor-gallery-item__image\" data-thumbnail=\"https:\/\/eseal-medical.be\/wp-content\/uploads\/2ggg-scaled.jpg\" data-width=\"2560\" data-height=\"1708\" aria-label=\"\" role=\"img\" ><\/div>\n\t\t\t\t\t\t\t\t\t\t\t<div class=\"elementor-gallery-item__overlay\"><\/div>\n\t\t\t\t\t\t\t\t\t\t\t\t\t\t<\/a>\n\t\t\t\t\t<\/div>\n\t\t\t\t\t<\/div>\n\t\t\t\t<\/div>\n\t\t\t\t<\/div>\n\t\t<div class=\"elementor-element elementor-element-ba5c8bd e-con-full e-flex e-con e-child\" data-id=\"ba5c8bd\" data-element_type=\"container\" data-e-type=\"container\">\n\t\t\t\t<div class=\"elementor-element elementor-element-1bdd733 elementor-widget elementor-widget-heading\" data-id=\"1bdd733\" data-element_type=\"widget\" data-e-type=\"widget\" data-widget_type=\"heading.default\">\n\t\t\t\t<div class=\"elementor-widget-container\">\n\t\t\t\t\t<h2 class=\"elementor-heading-title elementor-size-default\">Plaatselijke spoedeisende hulp<\/h2>\t\t\t\t<\/div>\n\t\t\t\t<\/div>\n\t\t\t\t<div class=\"elementor-element elementor-element-728f6fa elementor-widget elementor-widget-text-editor\" data-id=\"728f6fa\" data-element_type=\"widget\" data-e-type=\"widget\" data-widget_type=\"text-editor.default\">\n\t\t\t\t<div class=\"elementor-widget-container\">\n\t\t\t\t\t\t\t\t\t<p>Het Medisch Centrum Eseal in Waver breidt zijn diensten uit en verwelkomt Dr. Pierre Peyrard, specialist in spoedeisende geneeskunde (EMS), om vanaf 14 oktober 2025 elke dinsdag voor iedereen toegankelijke spoedeisende hulp te bieden.<\/p><p>Deze dienst is ontworpen om snel en effici\u00ebnt te reageren op alledaagse medische behoeften: kleine verwondingen (wonden, verstuikingen, hechtingen, breuken, kneuzingen, kleine brandwonden), certificaten en recepten, bloedonderzoeken, gipsverband of zelfs ongeplande acute consulten.<\/p><p class=\"MsoNormal\"><span style=\"mso-fareast-font-family: 'Times New Roman'; color: black;\">Dankzij de aanwezigheid van Dr. Peyrard en een team van gekwalificeerde verpleegkundigen kunnen pati\u00ebnten profiteren van snelle, veilige en menselijke zorg in een moderne en gastvrije omgeving.<\/span><\/p><p class=\"MsoNormal\"><span style=\"mso-fareast-font-family: 'Times New Roman'; color: black;\">Of het nu gaat om een klein incident, een kleine noodsituatie of een ongeplande medische raadpleging, Eseal Medical Wavre biedt je een lokale, betrouwbare en kwaliteitsvolle oplossing.<\/span><\/p>\t\t\t\t\t\t\t\t<\/div>\n\t\t\t\t<\/div>\n\t\t\t\t<div class=\"elementor-element elementor-element-cf2dfdc elementor-widget elementor-widget-heading\" data-id=\"cf2dfdc\" data-element_type=\"widget\" data-e-type=\"widget\" data-widget_type=\"heading.default\">\n\t\t\t\t<div class=\"elementor-widget-container\">\n\t\t\t\t\t<h2 class=\"elementor-heading-title elementor-size-default\">Elke dinsdag, zonder afspraak\nbij Eseal Medical - Waver<\/h2>\t\t\t\t<\/div>\n\t\t\t\t<\/div>\n\t\t\t\t<\/div>\n\t\t\t\t\t<\/div>\n\t\t\t\t<\/div>\n\t\t<div class=\"elementor-element elementor-element-63fe09c e-con-full elementor-hidden-desktop e-flex elementor-invisible e-con e-parent\" data-id=\"63fe09c\" data-element_type=\"container\" data-e-type=\"container\" data-settings=\"{&quot;animation&quot;:&quot;fadeInRight&quot;}\">\n\t\t<div class=\"elementor-element elementor-element-fbdf3c0 e-con-full e-flex e-con e-child\" data-id=\"fbdf3c0\" data-element_type=\"container\" data-e-type=\"container\">\n\t\t\t\t<div class=\"elementor-element elementor-element-a8e0f01 elementor-widget elementor-widget-heading\" data-id=\"a8e0f01\" data-element_type=\"widget\" data-e-type=\"widget\" data-widget_type=\"heading.default\">\n\t\t\t\t<div class=\"elementor-widget-container\">\n\t\t\t\t\t<h2 class=\"elementor-heading-title elementor-size-default\">Plaatselijke spoedeisende hulp<\/h2>\t\t\t\t<\/div>\n\t\t\t\t<\/div>\n\t\t\t\t<div class=\"elementor-element elementor-element-34b478c elementor-widget elementor-widget-text-editor\" data-id=\"34b478c\" data-element_type=\"widget\" data-e-type=\"widget\" data-widget_type=\"text-editor.default\">\n\t\t\t\t<div class=\"elementor-widget-container\">\n\t\t\t\t\t\t\t\t\t<p>Het Medisch Centrum Eseal in Waver breidt zijn diensten uit en verwelkomt Dr. Pierre Peyrard, specialist in spoedeisende geneeskunde (EMS), om vanaf 14 oktober 2025 elke dinsdag voor iedereen toegankelijke spoedeisende hulp te bieden.<\/p><p>Deze dienst is ontworpen om snel en effici\u00ebnt te reageren op alledaagse medische behoeften: kleine verwondingen (wonden, verstuikingen, hechtingen, breuken, kneuzingen, kleine brandwonden), certificaten en recepten, bloedonderzoeken, gipsverband of zelfs ongeplande acute consulten.<\/p><p class=\"MsoNormal\"><span style=\"mso-fareast-font-family: 'Times New Roman'; color: black;\">Dankzij de aanwezigheid van Dr. Peyrard en een team van gekwalificeerde verpleegkundigen kunnen pati\u00ebnten profiteren van snelle, veilige en menselijke zorg in een moderne en gastvrije omgeving.<\/span><\/p><p class=\"MsoNormal\"><span style=\"mso-fareast-font-family: 'Times New Roman'; color: black;\">Of het nu gaat om een klein incident, een kleine noodsituatie of een ongeplande medische raadpleging, Eseal Medical Wavre biedt je een lokale, betrouwbare en kwaliteitsvolle oplossing.<\/span><\/p>\t\t\t\t\t\t\t\t<\/div>\n\t\t\t\t<\/div>\n\t\t\t\t<div class=\"elementor-element elementor-element-67ec0df elementor-widget elementor-widget-heading\" data-id=\"67ec0df\" data-element_type=\"widget\" data-e-type=\"widget\" data-widget_type=\"heading.default\">\n\t\t\t\t<div class=\"elementor-widget-container\">\n\t\t\t\t\t<h2 class=\"elementor-heading-title elementor-size-default\">Elke dinsdag, zonder afspraak\nbij Eseal Medical - Waver<\/h2>\t\t\t\t<\/div>\n\t\t\t\t<\/div>\n\t\t\t\t<\/div>\n\t\t<div class=\"elementor-element elementor-element-a2a637b e-con-full e-flex e-con e-child\" data-id=\"a2a637b\" data-element_type=\"container\" data-e-type=\"container\" data-settings=\"{&quot;background_background&quot;:&quot;classic&quot;,&quot;animation&quot;:&quot;none&quot;}\">\n\t\t\t\t<div class=\"elementor-element elementor-element-181b5bf elementor-widget elementor-widget-gallery\" data-id=\"181b5bf\" data-element_type=\"widget\" data-e-type=\"widget\" data-settings=\"{&quot;gallery_layout&quot;:&quot;justified&quot;,&quot;ideal_row_height&quot;:{&quot;unit&quot;:&quot;px&quot;,&quot;size&quot;:249,&quot;sizes&quot;:[]},&quot;lazyload&quot;:&quot;yes&quot;,&quot;ideal_row_height_tablet&quot;:{&quot;unit&quot;:&quot;px&quot;,&quot;size&quot;:150,&quot;sizes&quot;:[]},&quot;ideal_row_height_mobile&quot;:{&quot;unit&quot;:&quot;px&quot;,&quot;size&quot;:150,&quot;sizes&quot;:[]},&quot;gap&quot;:{&quot;unit&quot;:&quot;px&quot;,&quot;size&quot;:10,&quot;sizes&quot;:[]},&quot;gap_tablet&quot;:{&quot;unit&quot;:&quot;px&quot;,&quot;size&quot;:10,&quot;sizes&quot;:[]},&quot;gap_mobile&quot;:{&quot;unit&quot;:&quot;px&quot;,&quot;size&quot;:10,&quot;sizes&quot;:[]},&quot;link_to&quot;:&quot;file&quot;,&quot;overlay_background&quot;:&quot;yes&quot;,&quot;content_hover_animation&quot;:&quot;fade-in&quot;}\" data-widget_type=\"gallery.default\">\n\t\t\t\t<div class=\"elementor-widget-container\">\n\t\t\t\t\t\t\t<div class=\"elementor-gallery__container\">\n\t\t\t\t\t\t\t<a class=\"e-gallery-item elementor-gallery-item elementor-animated-content\" href=\"https:\/\/eseal-medical.be\/wp-content\/uploads\/3ggg-scaled.jpg\" data-elementor-open-lightbox=\"yes\" data-elementor-lightbox-slideshow=\"181b5bf\" data-e-action-hash=\"#elementor-action%3Aaction%3Dlightbox%26settings%3DeyJpZCI6NDE2MywidXJsIjoiaHR0cHM6XC9cL2VzZWFsLW1lZGljYWwuYmVcL3dwLWNvbnRlbnRcL3VwbG9hZHNcLzNnZ2ctc2NhbGVkLmpwZyIsInNsaWRlc2hvdyI6IjE4MWI1YmYifQ%3D%3D\">\n\t\t\t\t\t<div class=\"e-gallery-image elementor-gallery-item__image\" data-thumbnail=\"https:\/\/eseal-medical.be\/wp-content\/uploads\/3ggg-scaled.jpg\" data-width=\"2560\" data-height=\"1708\" aria-label=\"\" role=\"img\" ><\/div>\n\t\t\t\t\t\t\t\t\t\t\t<div class=\"elementor-gallery-item__overlay\"><\/div>\n\t\t\t\t\t\t\t\t\t\t\t\t\t\t<\/a>\n\t\t\t\t\t\t\t<a class=\"e-gallery-item elementor-gallery-item elementor-animated-content\" href=\"https:\/\/eseal-medical.be\/wp-content\/uploads\/1ze-scaled.jpg\" data-elementor-open-lightbox=\"yes\" data-elementor-lightbox-slideshow=\"181b5bf\" data-e-action-hash=\"#elementor-action%3Aaction%3Dlightbox%26settings%3DeyJpZCI6NDEzMiwidXJsIjoiaHR0cHM6XC9cL2VzZWFsLW1lZGljYWwuYmVcL3dwLWNvbnRlbnRcL3VwbG9hZHNcLzF6ZS1zY2FsZWQuanBnIiwic2xpZGVzaG93IjoiMTgxYjViZiJ9\">\n\t\t\t\t\t<div class=\"e-gallery-image elementor-gallery-item__image\" data-thumbnail=\"https:\/\/eseal-medical.be\/wp-content\/uploads\/1ze-scaled.jpg\" data-width=\"2560\" data-height=\"1708\" aria-label=\"\" role=\"img\" ><\/div>\n\t\t\t\t\t\t\t\t\t\t\t<div class=\"elementor-gallery-item__overlay\"><\/div>\n\t\t\t\t\t\t\t\t\t\t\t\t\t\t<\/a>\n\t\t\t\t\t\t\t<a class=\"e-gallery-item elementor-gallery-item elementor-animated-content\" href=\"https:\/\/eseal-medical.be\/wp-content\/uploads\/2ggg-scaled.jpg\" data-elementor-open-lightbox=\"yes\" data-elementor-lightbox-slideshow=\"181b5bf\" data-e-action-hash=\"#elementor-action%3Aaction%3Dlightbox%26settings%3DeyJpZCI6NDE2NCwidXJsIjoiaHR0cHM6XC9cL2VzZWFsLW1lZGljYWwuYmVcL3dwLWNvbnRlbnRcL3VwbG9hZHNcLzJnZ2ctc2NhbGVkLmpwZyIsInNsaWRlc2hvdyI6IjE4MWI1YmYifQ%3D%3D\">\n\t\t\t\t\t<div class=\"e-gallery-image elementor-gallery-item__image\" data-thumbnail=\"https:\/\/eseal-medical.be\/wp-content\/uploads\/2ggg-scaled.jpg\" data-width=\"2560\" data-height=\"1708\" aria-label=\"\" role=\"img\" ><\/div>\n\t\t\t\t\t\t\t\t\t\t\t<div class=\"elementor-gallery-item__overlay\"><\/div>\n\t\t\t\t\t\t\t\t\t\t\t\t\t\t<\/a>\n\t\t\t\t\t<\/div>\n\t\t\t\t\t<\/div>\n\t\t\t\t<\/div>\n\t\t\t\t<\/div>\n\t\t\t\t<\/div>\n\t\t<div class=\"elementor-element elementor-element-fe97c4c e-flex e-con-boxed e-con e-parent\" data-id=\"fe97c4c\" data-element_type=\"container\" data-e-type=\"container\">\n\t\t\t\t\t<div class=\"e-con-inner\">\n\t\t\t\t<div class=\"elementor-element elementor-element-7802abe elementor-widget elementor-widget-heading\" data-id=\"7802abe\" data-element_type=\"widget\" data-e-type=\"widget\" data-widget_type=\"heading.default\">\n\t\t\t\t<div class=\"elementor-widget-container\">\n\t\t\t\t\t<h2 class=\"elementor-heading-title elementor-size-default\">Maak nu een afspraak<\/h2>\t\t\t\t<\/div>\n\t\t\t\t<\/div>\n\t\t<div class=\"elementor-element elementor-element-f5d4dd3 e-con-full e-flex e-con e-child\" data-id=\"f5d4dd3\" data-element_type=\"container\" data-e-type=\"container\">\n\t\t\t\t<div class=\"elementor-element elementor-element-f76ac9c elementor-widget elementor-widget-html\" data-id=\"f76ac9c\" data-element_type=\"widget\" data-e-type=\"widget\" data-widget_type=\"html.default\">\n\t\t\t\t<div class=\"elementor-widget-container\">\n\t\t\t\t\t<iframe src=\"https:\/\/www.myconsultation.be\/fr\/liste\/iframe\/e319c3bf3c199\/\" style=\"border:0px #ffffff none;\" name=\"myc-calendar\" scrolling=\"no\" frameborder=\"0\" marginheight=\"0px\" marginwidth=\"0px\" height=\"280px\" width=\"100%\" allowfullscreen><\/iframe>\t\t\t\t<\/div>\n\t\t\t\t<\/div>\n\t\t\t\t<\/div>\n\t\t\t\t\t<\/div>\n\t\t\t\t<\/div>\n\t\t\t\t<\/div>","protected":false},"excerpt":{"rendered":"<p>Soins d&rsquo;Urgence de Proximit\u00e9 \u00e0 Wavre Soins d&rsquo;Urgence de proximit\u00e9 Le Centre Eseal Medical \u00e0 Wavre \u00e9largit ses services et accueille d\u00e9sormais le Dr Pierre Peyrard, sp\u00e9cialiste en m\u00e9decine d\u2019urgence (SMU), pour offrir des soins d\u2019urgence de proximit\u00e9 accessibles \u00e0 tous, sans rendez-vous, tous les mardis, d\u00e8s le 14 octobre 2025. Ce service a \u00e9t\u00e9 [&hellip;]<\/p>\n","protected":false},"author":1,"featured_media":0,"parent":0,"menu_order":0,"comment_status":"closed","ping_status":"closed","template":"","meta":{"footnotes":""},"class_list":["post-4146","page","type-page","status-publish","hentry"],"_links":{"self":[{"href":"https:\/\/eseal-medical.be\/nl-be\/wp-json\/wp\/v2\/pages\/4146","targetHints":{"allow":["GET"]}}],"collection":[{"href":"https:\/\/eseal-medical.be\/nl-be\/wp-json\/wp\/v2\/pages"}],"about":[{"href":"https:\/\/eseal-medical.be\/nl-be\/wp-json\/wp\/v2\/types\/page"}],"author":[{"embeddable":true,"href":"https:\/\/eseal-medical.be\/nl-be\/wp-json\/wp\/v2\/users\/1"}],"replies":[{"embeddable":true,"href":"https:\/\/eseal-medical.be\/nl-be\/wp-json\/wp\/v2\/comments?post=4146"}],"version-history":[{"count":34,"href":"https:\/\/eseal-medical.be\/nl-be\/wp-json\/wp\/v2\/pages\/4146\/revisions"}],"predecessor-version":[{"id":4424,"href":"https:\/\/eseal-medical.be\/nl-be\/wp-json\/wp\/v2\/pages\/4146\/revisions\/4424"}],"wp:attachment":[{"href":"https:\/\/eseal-medical.be\/nl-be\/wp-json\/wp\/v2\/media?parent=4146"}],"curies":[{"name":"wp","href":"https:\/\/api.w.org\/{rel}","templated":true}]}}